{"id":7179,"date":"2024-10-08T14:27:07","date_gmt":"2024-10-08T12:27:07","guid":{"rendered":"https:\/\/www.cpm-les-urchons.be\/?page_id=7179"},"modified":"2024-12-04T14:23:28","modified_gmt":"2024-12-04T13:23:28","slug":"appareils","status":"publish","type":"page","link":"https:\/\/www.cpm-les-urchons.be\/index.php\/appareils\/","title":{"rendered":"Appareils de Fitness"},"content":{"rendered":"\t\t<div data-elementor-type=\"wp-page\" data-elementor-id=\"7179\" class=\"elementor elementor-7179\">\n\t\t\t\t<div class=\"elementor-element elementor-element-d0e67b4 e-flex e-con-boxed e-con e-parent\" data-id=\"d0e67b4\" data-element_type=\"container\">\n\t\t\t\t\t<div class=\"e-con-inner\">\n\t\t\t\t<div class=\"elementor-element elementor-element-27ec89d elementor-widget elementor-widget-heading\" data-id=\"27ec89d\" data-element_type=\"widget\" data-widget_type=\"heading.default\">\n\t\t\t\t<div class=\"elementor-widget-container\">\n\t\t\t<style>\/*! elementor - v3.21.0 - 26-05-2024 *\/\n.elementor-heading-title{padding:0;margin:0;line-height:1}.elementor-widget-heading .elementor-heading-title[class*=elementor-size-]>a{color:inherit;font-size:inherit;line-height:inherit}.elementor-widget-heading .elementor-heading-title.elementor-size-small{font-size:15px}.elementor-widget-heading .elementor-heading-title.elementor-size-medium{font-size:19px}.elementor-widget-heading .elementor-heading-title.elementor-size-large{font-size:29px}.elementor-widget-heading .elementor-heading-title.elementor-size-xl{font-size:39px}.elementor-widget-heading .elementor-heading-title.elementor-size-xxl{font-size:59px}<\/style><h2 class=\"elementor-heading-title elementor-size-default\">Appareils de Fitness<\/h2>\t\t<\/div>\n\t\t\t\t<\/div>\n\t\t\t\t\t<\/div>\n\t\t\t\t<\/div>\n\t\t<div class=\"elementor-element elementor-element-39ee886a e-flex e-con-boxed e-con e-parent\" data-id=\"39ee886a\" data-element_type=\"container\">\n\t\t\t\t\t<div class=\"e-con-inner\">\n\t\t\t\t<div class=\"elementor-element elementor-element-79b0624d elementor-widget elementor-widget-text-editor\" data-id=\"79b0624d\" data-element_type=\"widget\" data-widget_type=\"text-editor.default\">\n\t\t\t\t<div class=\"elementor-widget-container\">\n\t\t\t<style>\/*! elementor - v3.21.0 - 26-05-2024 *\/\n.elementor-widget-text-editor.elementor-drop-cap-view-stacked .elementor-drop-cap{background-color:#69727d;color:#fff}.elementor-widget-text-editor.elementor-drop-cap-view-framed .elementor-drop-cap{color:#69727d;border:3px solid;background-color:transparent}.elementor-widget-text-editor:not(.elementor-drop-cap-view-default) .elementor-drop-cap{margin-top:8px}.elementor-widget-text-editor:not(.elementor-drop-cap-view-default) .elementor-drop-cap-letter{width:1em;height:1em}.elementor-widget-text-editor .elementor-drop-cap{float:left;text-align:center;line-height:1;font-size:50px}.elementor-widget-text-editor .elementor-drop-cap-letter{display:inline-block}<\/style>\t\t\t\t<p><span style=\"color: #000000;\"><!-- wp:paragraph --><\/span><\/p>\n<p class=\"p1\"><span style=\"color: #000000;\">Dans le cadre d\u2019une revalidation totale d\u2019un patient(e) apr\u00e8s une blessure, une op\u00e9ration chirurgicale, d\u2019un accident de travail, d\u2019un accident domestique, d\u2019un accident sportif, d\u2019une maladie aigu\u00eb ou chronique, et autres causes, le Centre Les URCHONS a comme objectif la r\u00e9habilitation de la sant\u00e9 du patient. Sa consolidation.<\/span><\/p>\n<p class=\"p1\"><span style=\"color: #000000;\">Une blessure aigu\u00eb ou chronique d\u00e9stabilise le patient. Elle d\u00e9sorganise sa vie \u00e0 la modifier dans son avenir.<\/span><br \/><span style=\"color: #000000;\">\u00ab\u00a0Sa blessure \u00bb et \u00ab sa douleur \u00bb atteignent tous les syst\u00e8mes \u00e0 savoir le physique et le mental.<\/span><br \/><span style=\"color: #000000;\">Les compensations qu\u2019il aura ne seront que des comportements qui le m\u00e8nera \u00e0 l\u2019\u00e9chec de la r\u00e9cidive.<\/span><\/p>\n<p class=\"p1\"><span style=\"color: #000000;\">C\u2019est par un travail technique attentionn\u00e9 qu\u2019il faut coordonner les outils de la r\u00e9adaptation afin de cibler la r\u00e9cup\u00e9ration optimale du patient dans son ensemble.<\/span><\/p>\n<p class=\"p1\"><span style=\"color: #000000;\"><strong>\u00ab Un bon dos commence par de bonnes jambes \u00bb<\/strong> <em>DR KOWALSKI. Chir.Ortho.<\/em><\/span><\/p>\n<p><span style=\"color: #000000;\"><!-- \/wp:paragraph --><\/span><\/p>\t\t\t\t\t\t<\/div>\n\t\t\t\t<\/div>\n\t\t\t\t\t<\/div>\n\t\t\t\t<\/div>\n\t\t<div class=\"elementor-element elementor-element-bb0308a e-flex e-con-boxed e-con e-parent\" data-id=\"bb0308a\" data-element_type=\"container\">\n\t\t\t\t\t<div class=\"e-con-inner\">\n\t\t<div class=\"elementor-element elementor-element-c2e6729 e-con-full e-flex e-con e-child\" data-id=\"c2e6729\" data-element_type=\"container\">\n\t\t\t\t<div class=\"elementor-element elementor-element-323c673 elementor-widget elementor-widget-image\" data-id=\"323c673\" data-element_type=\"widget\" data-widget_type=\"image.default\">\n\t\t\t\t<div class=\"elementor-widget-container\">\n\t\t\t<style>\/*! elementor - v3.21.0 - 26-05-2024 *\/\n.elementor-widget-image{text-align:center}.elementor-widget-image a{display:inline-block}.elementor-widget-image a img[src$=\".svg\"]{width:48px}.elementor-widget-image img{vertical-align:middle;display:inline-block}<\/style>\t\t\t\t\t\t\t\t\t\t<img decoding=\"async\" src=\"https:\/\/www.cpm-les-urchons.be\/wp-content\/uploads\/elementor\/thumbs\/salle-d-entrainement-1-1-qvjpxr61xs1lecwlpee82owqsjqnjy8gvb26ghalps.jpg\" title=\"salle d entrainement 1\" alt=\"salle d entrainement 1\" loading=\"lazy\" \/>\t\t\t\t\t\t\t\t\t\t\t\t\t<\/div>\n\t\t\t\t<\/div>\n\t\t\t\t<\/div>\n\t\t<div class=\"elementor-element elementor-element-dcea534 e-con-full e-flex e-con e-child\" data-id=\"dcea534\" data-element_type=\"container\">\n\t\t\t\t<div class=\"elementor-element elementor-element-68d7787 elementor-widget elementor-widget-image\" data-id=\"68d7787\" data-element_type=\"widget\" data-widget_type=\"image.default\">\n\t\t\t\t<div class=\"elementor-widget-container\">\n\t\t\t\t\t\t\t\t\t\t\t\t\t<img decoding=\"async\" src=\"https:\/\/www.cpm-les-urchons.be\/wp-content\/uploads\/elementor\/thumbs\/salle-d-entrainement-2-1-scaled-qvjpwx37v2wf2u4al1e5uwhzs7uwpmx2366n3mj78w.jpg\" title=\"salle d entrainement 2\" alt=\"salle d entrainement 2\" loading=\"lazy\" \/>\t\t\t\t\t\t\t\t\t\t\t\t\t<\/div>\n\t\t\t\t<\/div>\n\t\t\t\t<\/div>\n\t\t\t\t\t<\/div>\n\t\t\t\t<\/div>\n\t\t<div class=\"elementor-element elementor-element-7220f3b e-grid e-con-boxed e-con e-parent\" data-id=\"7220f3b\" data-element_type=\"container\">\n\t\t\t\t\t<div class=\"e-con-inner\">\n\t\t\t\t<div class=\"elementor-element elementor-element-bb1d9d6 elementor-widget elementor-widget-image\" data-id=\"bb1d9d6\" data-element_type=\"widget\" data-widget_type=\"image.default\">\n\t\t\t\t<div class=\"elementor-widget-container\">\n\t\t\t\t\t\t\t\t\t\t<figure class=\"wp-caption\">\n\t\t\t\t\t\t\t\t\t\t<img decoding=\"async\" width=\"156\" height=\"300\" src=\"https:\/\/www.cpm-les-urchons.be\/wp-content\/uploads\/2024\/10\/velo-elliptique-156x300.jpg\" class=\"attachment-medium size-medium wp-image-7258\" alt=\"\" srcset=\"https:\/\/www.cpm-les-urchons.be\/wp-content\/uploads\/2024\/10\/velo-elliptique-156x300.jpg 156w, https:\/\/www.cpm-les-urchons.be\/wp-content\/uploads\/2024\/10\/velo-elliptique-600x1157.jpg 600w, https:\/\/www.cpm-les-urchons.be\/wp-content\/uploads\/2024\/10\/velo-elliptique-531x1024.jpg 531w, https:\/\/www.cpm-les-urchons.be\/wp-content\/uploads\/2024\/10\/velo-elliptique-768x1481.jpg 768w, https:\/\/www.cpm-les-urchons.be\/wp-content\/uploads\/2024\/10\/velo-elliptique-796x1536.jpg 796w, https:\/\/www.cpm-les-urchons.be\/wp-content\/uploads\/2024\/10\/velo-elliptique.jpg 1021w\" sizes=\"(max-width: 156px) 100vw, 156px\" \/>\t\t\t\t\t\t\t\t\t\t\t<figcaption class=\"widget-image-caption wp-caption-text\">V\u00e9lo elliptique<\/figcaption>\n\t\t\t\t\t\t\t\t\t\t<\/figure>\n\t\t\t\t\t\t\t<\/div>\n\t\t\t\t<\/div>\n\t\t\t\t<div class=\"elementor-element elementor-element-9823032 elementor-widget elementor-widget-image\" data-id=\"9823032\" data-element_type=\"widget\" data-widget_type=\"image.default\">\n\t\t\t\t<div class=\"elementor-widget-container\">\n\t\t\t\t\t\t\t\t\t\t<figure class=\"wp-caption\">\n\t\t\t\t\t\t\t\t\t\t<img fetchpriority=\"high\" decoding=\"async\" width=\"184\" height=\"300\" src=\"https:\/\/www.cpm-les-urchons.be\/wp-content\/uploads\/2024\/10\/velo-184x300.jpg\" class=\"attachment-medium size-medium wp-image-7260\" alt=\"\" srcset=\"https:\/\/www.cpm-les-urchons.be\/wp-content\/uploads\/2024\/10\/velo-184x300.jpg 184w, https:\/\/www.cpm-les-urchons.be\/wp-content\/uploads\/2024\/10\/velo-600x976.jpg 600w, https:\/\/www.cpm-les-urchons.be\/wp-content\/uploads\/2024\/10\/velo-630x1024.jpg 630w, https:\/\/www.cpm-les-urchons.be\/wp-content\/uploads\/2024\/10\/velo-768x1249.jpg 768w, https:\/\/www.cpm-les-urchons.be\/wp-content\/uploads\/2024\/10\/velo-944x1536.jpg 944w, https:\/\/www.cpm-les-urchons.be\/wp-content\/uploads\/2024\/10\/velo.jpg 1117w\" sizes=\"(max-width: 184px) 100vw, 184px\" \/>\t\t\t\t\t\t\t\t\t\t\t<figcaption class=\"widget-image-caption wp-caption-text\">V\u00e9lo<\/figcaption>\n\t\t\t\t\t\t\t\t\t\t<\/figure>\n\t\t\t\t\t\t\t<\/div>\n\t\t\t\t<\/div>\n\t\t\t\t<div class=\"elementor-element elementor-element-d8ff6ae elementor-widget elementor-widget-image\" data-id=\"d8ff6ae\" data-element_type=\"widget\" data-widget_type=\"image.default\">\n\t\t\t\t<div class=\"elementor-widget-container\">\n\t\t\t\t\t\t\t\t\t\t<figure class=\"wp-caption\">\n\t\t\t\t\t\t\t\t\t\t<img decoding=\"async\" width=\"174\" height=\"300\" src=\"https:\/\/www.cpm-les-urchons.be\/wp-content\/uploads\/2024\/10\/tapis-course-e1728909890633-174x300.jpg\" class=\"attachment-medium size-medium wp-image-7256\" alt=\"\" srcset=\"https:\/\/www.cpm-les-urchons.be\/wp-content\/uploads\/2024\/10\/tapis-course-e1728909890633-174x300.jpg 174w, https:\/\/www.cpm-les-urchons.be\/wp-content\/uploads\/2024\/10\/tapis-course-e1728909890633.jpg 531w\" sizes=\"(max-width: 174px) 100vw, 174px\" \/>\t\t\t\t\t\t\t\t\t\t\t<figcaption class=\"widget-image-caption wp-caption-text\">Tapis de course <\/figcaption>\n\t\t\t\t\t\t\t\t\t\t<\/figure>\n\t\t\t\t\t\t\t<\/div>\n\t\t\t\t<\/div>\n\t\t\t\t<div class=\"elementor-element elementor-element-cf7e84d elementor-widget elementor-widget-image\" data-id=\"cf7e84d\" data-element_type=\"widget\" data-widget_type=\"image.default\">\n\t\t\t\t<div class=\"elementor-widget-container\">\n\t\t\t\t\t\t\t\t\t\t<figure class=\"wp-caption\">\n\t\t\t\t\t\t\t\t\t\t<img loading=\"lazy\" decoding=\"async\" width=\"105\" height=\"300\" src=\"https:\/\/www.cpm-les-urchons.be\/wp-content\/uploads\/2024\/10\/tapis-course-inc-105x300.jpg\" class=\"attachment-medium size-medium wp-image-7255\" alt=\"\" srcset=\"https:\/\/www.cpm-les-urchons.be\/wp-content\/uploads\/2024\/10\/tapis-course-inc-105x300.jpg 105w, https:\/\/www.cpm-les-urchons.be\/wp-content\/uploads\/2024\/10\/tapis-course-inc-357x1024.jpg 357w, https:\/\/www.cpm-les-urchons.be\/wp-content\/uploads\/2024\/10\/tapis-course-inc-535x1536.jpg 535w, https:\/\/www.cpm-les-urchons.be\/wp-content\/uploads\/2024\/10\/tapis-course-inc.jpg 566w\" sizes=\"(max-width: 105px) 100vw, 105px\" \/>\t\t\t\t\t\t\t\t\t\t\t<figcaption class=\"widget-image-caption wp-caption-text\">Tapis de course inclin\u00e9<\/figcaption>\n\t\t\t\t\t\t\t\t\t\t<\/figure>\n\t\t\t\t\t\t\t<\/div>\n\t\t\t\t<\/div>\n\t\t\t\t<div class=\"elementor-element elementor-element-8f53e88 elementor-widget elementor-widget-image\" data-id=\"8f53e88\" data-element_type=\"widget\" data-widget_type=\"image.default\">\n\t\t\t\t<div class=\"elementor-widget-container\">\n\t\t\t\t\t\t\t\t\t\t<figure class=\"wp-caption\">\n\t\t\t\t\t\t\t\t\t\t<img loading=\"lazy\" decoding=\"async\" width=\"225\" height=\"300\" src=\"https:\/\/www.cpm-les-urchons.be\/wp-content\/uploads\/2024\/10\/leg-extensions-225x300.jpg\" class=\"attachment-medium size-medium wp-image-7249\" alt=\"\" srcset=\"https:\/\/www.cpm-les-urchons.be\/wp-content\/uploads\/2024\/10\/leg-extensions-225x300.jpg 225w, https:\/\/www.cpm-les-urchons.be\/wp-content\/uploads\/2024\/10\/leg-extensions.jpg 481w\" sizes=\"(max-width: 225px) 100vw, 225px\" \/>\t\t\t\t\t\t\t\t\t\t\t<figcaption class=\"widget-image-caption wp-caption-text\">Appareil \u00e0 extension de Legs<\/figcaption>\n\t\t\t\t\t\t\t\t\t\t<\/figure>\n\t\t\t\t\t\t\t<\/div>\n\t\t\t\t<\/div>\n\t\t\t\t<div class=\"elementor-element elementor-element-313f974 elementor-widget elementor-widget-image\" data-id=\"313f974\" data-element_type=\"widget\" data-widget_type=\"image.default\">\n\t\t\t\t<div class=\"elementor-widget-container\">\n\t\t\t\t\t\t\t\t\t\t<figure class=\"wp-caption\">\n\t\t\t\t\t\t\t\t\t\t<img loading=\"lazy\" decoding=\"async\" width=\"300\" height=\"300\" src=\"https:\/\/www.cpm-les-urchons.be\/wp-content\/uploads\/2024\/10\/BANC-MUSCU-300x300.jpg\" class=\"attachment-medium size-medium wp-image-7247\" alt=\"\" srcset=\"https:\/\/www.cpm-les-urchons.be\/wp-content\/uploads\/2024\/10\/BANC-MUSCU-300x300.jpg 300w, https:\/\/www.cpm-les-urchons.be\/wp-content\/uploads\/2024\/10\/BANC-MUSCU-100x100.jpg 100w, https:\/\/www.cpm-les-urchons.be\/wp-content\/uploads\/2024\/10\/BANC-MUSCU-600x600.jpg 600w, https:\/\/www.cpm-les-urchons.be\/wp-content\/uploads\/2024\/10\/BANC-MUSCU-1024x1024.jpg 1024w, https:\/\/www.cpm-les-urchons.be\/wp-content\/uploads\/2024\/10\/BANC-MUSCU-150x150.jpg 150w, https:\/\/www.cpm-les-urchons.be\/wp-content\/uploads\/2024\/10\/BANC-MUSCU-768x768.jpg 768w, https:\/\/www.cpm-les-urchons.be\/wp-content\/uploads\/2024\/10\/BANC-MUSCU-80x80.jpg 80w, https:\/\/www.cpm-les-urchons.be\/wp-content\/uploads\/2024\/10\/BANC-MUSCU.jpg 1200w\" sizes=\"(max-width: 300px) 100vw, 300px\" \/>\t\t\t\t\t\t\t\t\t\t\t<figcaption class=\"widget-image-caption wp-caption-text\">banc de musculation<\/figcaption>\n\t\t\t\t\t\t\t\t\t\t<\/figure>\n\t\t\t\t\t\t\t<\/div>\n\t\t\t\t<\/div>\n\t\t\t\t<div class=\"elementor-element elementor-element-972855c elementor-widget elementor-widget-image\" data-id=\"972855c\" data-element_type=\"widget\" data-widget_type=\"image.default\">\n\t\t\t\t<div class=\"elementor-widget-container\">\n\t\t\t\t\t\t\t\t\t\t<figure class=\"wp-caption\">\n\t\t\t\t\t\t\t\t\t\t<img loading=\"lazy\" decoding=\"async\" width=\"300\" height=\"236\" src=\"https:\/\/www.cpm-les-urchons.be\/wp-content\/uploads\/2024\/10\/RAMEUR-300x236.jpg\" class=\"attachment-medium size-medium wp-image-7250\" alt=\"\" srcset=\"https:\/\/www.cpm-les-urchons.be\/wp-content\/uploads\/2024\/10\/RAMEUR-300x236.jpg 300w, https:\/\/www.cpm-les-urchons.be\/wp-content\/uploads\/2024\/10\/RAMEUR-600x471.jpg 600w, https:\/\/www.cpm-les-urchons.be\/wp-content\/uploads\/2024\/10\/RAMEUR-1024x804.jpg 1024w, https:\/\/www.cpm-les-urchons.be\/wp-content\/uploads\/2024\/10\/RAMEUR-768x603.jpg 768w, https:\/\/www.cpm-les-urchons.be\/wp-content\/uploads\/2024\/10\/RAMEUR.jpg 1500w\" sizes=\"(max-width: 300px) 100vw, 300px\" \/>\t\t\t\t\t\t\t\t\t\t\t<figcaption class=\"widget-image-caption wp-caption-text\">Rameur<\/figcaption>\n\t\t\t\t\t\t\t\t\t\t<\/figure>\n\t\t\t\t\t\t\t<\/div>\n\t\t\t\t<\/div>\n\t\t\t\t<div class=\"elementor-element elementor-element-23fc155 elementor-widget elementor-widget-image\" data-id=\"23fc155\" data-element_type=\"widget\" data-widget_type=\"image.default\">\n\t\t\t\t<div class=\"elementor-widget-container\">\n\t\t\t\t\t\t\t\t\t\t<figure class=\"wp-caption\">\n\t\t\t\t\t\t\t\t\t\t<img loading=\"lazy\" decoding=\"async\" width=\"225\" height=\"300\" src=\"https:\/\/www.cpm-les-urchons.be\/wp-content\/uploads\/2024\/10\/balle-de-gym-225x300.jpg\" class=\"attachment-medium size-medium wp-image-7246\" alt=\"\" srcset=\"https:\/\/www.cpm-les-urchons.be\/wp-content\/uploads\/2024\/10\/balle-de-gym-225x300.jpg 225w, https:\/\/www.cpm-les-urchons.be\/wp-content\/uploads\/2024\/10\/balle-de-gym.jpg 481w\" sizes=\"(max-width: 225px) 100vw, 225px\" \/>\t\t\t\t\t\t\t\t\t\t\t<figcaption class=\"widget-image-caption wp-caption-text\">Ballon de gym<\/figcaption>\n\t\t\t\t\t\t\t\t\t\t<\/figure>\n\t\t\t\t\t\t\t<\/div>\n\t\t\t\t<\/div>\n\t\t\t\t<div class=\"elementor-element elementor-element-ba801bd elementor-widget elementor-widget-image\" data-id=\"ba801bd\" data-element_type=\"widget\" data-widget_type=\"image.default\">\n\t\t\t\t<div class=\"elementor-widget-container\">\n\t\t\t\t\t\t\t\t\t\t<figure class=\"wp-caption\">\n\t\t\t\t\t\t\t\t\t\t<img loading=\"lazy\" decoding=\"async\" width=\"259\" height=\"300\" src=\"https:\/\/www.cpm-les-urchons.be\/wp-content\/uploads\/2024\/10\/buste-259x300.jpg\" class=\"attachment-medium size-medium wp-image-7248\" alt=\"\" srcset=\"https:\/\/www.cpm-les-urchons.be\/wp-content\/uploads\/2024\/10\/buste-259x300.jpg 259w, https:\/\/www.cpm-les-urchons.be\/wp-content\/uploads\/2024\/10\/buste-600x694.jpg 600w, https:\/\/www.cpm-les-urchons.be\/wp-content\/uploads\/2024\/10\/buste.jpg 768w\" sizes=\"(max-width: 259px) 100vw, 259px\" \/>\t\t\t\t\t\t\t\t\t\t\t<figcaption class=\"widget-image-caption wp-caption-text\">Rotation de buste<\/figcaption>\n\t\t\t\t\t\t\t\t\t\t<\/figure>\n\t\t\t\t\t\t\t<\/div>\n\t\t\t\t<\/div>\n\t\t\t\t\t<\/div>\n\t\t\t\t<\/div>\n\t\t<div class=\"elementor-element elementor-element-1b3ad16 e-flex e-con-boxed e-con e-parent\" data-id=\"1b3ad16\" data-element_type=\"container\">\n\t\t\t\t\t<div class=\"e-con-inner\">\n\t\t\t\t\t<\/div>\n\t\t\t\t<\/div>\n\t\t\t\t<\/div>\n\t\t","protected":false},"excerpt":{"rendered":"<p>Appareils de Fitness Dans le cadre d\u2019une revalidation totale d\u2019un patient(e) apr\u00e8s une blessure, une op\u00e9ration chirurgicale, d\u2019un accident de travail, d\u2019un accident domestique, d\u2019un accident sportif, d\u2019une maladie aigu\u00eb ou chronique, et autres causes, le Centre Les URCHONS a comme objectif la r\u00e9habilitation de la sant\u00e9 du patient. Sa consolidation. Une blessure aigu\u00eb ou<\/p>\n","protected":false},"author":1,"featured_media":0,"parent":0,"menu_order":0,"comment_status":"closed","ping_status":"closed","template":"","meta":{"_monsterinsights_skip_tracking":false,"_monsterinsights_sitenote_active":false,"_monsterinsights_sitenote_note":"","_monsterinsights_sitenote_category":0,"footnotes":""},"class_list":["post-7179","page","type-page","status-publish","hentry"],"aioseo_notices":[],"_links":{"self":[{"href":"https:\/\/www.cpm-les-urchons.be\/index.php\/wp-json\/wp\/v2\/pages\/7179","targetHints":{"allow":["GET"]}}],"collection":[{"href":"https:\/\/www.cpm-les-urchons.be\/index.php\/wp-json\/wp\/v2\/pages"}],"about":[{"href":"https:\/\/www.cpm-les-urchons.be\/index.php\/wp-json\/wp\/v2\/types\/page"}],"author":[{"embeddable":true,"href":"https:\/\/www.cpm-les-urchons.be\/index.php\/wp-json\/wp\/v2\/users\/1"}],"replies":[{"embeddable":true,"href":"https:\/\/www.cpm-les-urchons.be\/index.php\/wp-json\/wp\/v2\/comments?post=7179"}],"version-history":[{"count":8,"href":"https:\/\/www.cpm-les-urchons.be\/index.php\/wp-json\/wp\/v2\/pages\/7179\/revisions"}],"predecessor-version":[{"id":7388,"href":"https:\/\/www.cpm-les-urchons.be\/index.php\/wp-json\/wp\/v2\/pages\/7179\/revisions\/7388"}],"wp:attachment":[{"href":"https:\/\/www.cpm-les-urchons.be\/index.php\/wp-json\/wp\/v2\/media?parent=7179"}],"curies":[{"name":"wp","href":"https:\/\/api.w.org\/{rel}","templated":true}]}}