{"id":7173,"date":"2024-10-08T14:19:02","date_gmt":"2024-10-08T12:19:02","guid":{"rendered":"https:\/\/www.cpm-les-urchons.be\/?page_id=7173"},"modified":"2024-12-11T11:11:21","modified_gmt":"2024-12-11T10:11:21","slug":"kine-quantum","status":"publish","type":"page","link":"https:\/\/www.cpm-les-urchons.be\/index.php\/kine-quantum\/","title":{"rendered":"KINE QUANTUM"},"content":{"rendered":"\t\t<div data-elementor-type=\"wp-page\" data-elementor-id=\"7173\" class=\"elementor elementor-7173\">\n\t\t\t\t<div class=\"elementor-element elementor-element-786ea75e e-flex e-con-boxed e-con e-parent\" data-id=\"786ea75e\" data-element_type=\"container\">\n\t\t\t\t\t<div class=\"e-con-inner\">\n\t\t\t\t<div class=\"elementor-element elementor-element-26530e6f elementor-widget elementor-widget-text-editor\" data-id=\"26530e6f\" data-element_type=\"widget\" data-widget_type=\"text-editor.default\">\n\t\t\t\t<div class=\"elementor-widget-container\">\n\t\t\t<style>\/*! elementor - v3.21.0 - 26-05-2024 *\/\n.elementor-widget-text-editor.elementor-drop-cap-view-stacked .elementor-drop-cap{background-color:#69727d;color:#fff}.elementor-widget-text-editor.elementor-drop-cap-view-framed .elementor-drop-cap{color:#69727d;border:3px solid;background-color:transparent}.elementor-widget-text-editor:not(.elementor-drop-cap-view-default) .elementor-drop-cap{margin-top:8px}.elementor-widget-text-editor:not(.elementor-drop-cap-view-default) .elementor-drop-cap-letter{width:1em;height:1em}.elementor-widget-text-editor .elementor-drop-cap{float:left;text-align:center;line-height:1;font-size:50px}.elementor-widget-text-editor .elementor-drop-cap-letter{display:inline-block}<\/style>\t\t\t\t<!-- wp:paragraph -->\n<p><\/p>\n<!-- \/wp:paragraph -->\n\n<!-- wp:paragraph -->\n<p><\/p>\n<!-- \/wp:paragraph -->\n\n<!-- wp:paragraph -->\n<p><\/p>\n<!-- \/wp:paragraph -->\t\t\t\t\t\t<\/div>\n\t\t\t\t<\/div>\n\t\t\t\t\t<\/div>\n\t\t\t\t<\/div>\n\t\t<div class=\"elementor-element elementor-element-8ce060b e-flex e-con-boxed e-con e-parent\" data-id=\"8ce060b\" data-element_type=\"container\">\n\t\t\t\t\t<div class=\"e-con-inner\">\n\t\t\t\t<div class=\"elementor-element elementor-element-902f2ce elementor-widget elementor-widget-text-editor\" data-id=\"902f2ce\" data-element_type=\"widget\" data-widget_type=\"text-editor.default\">\n\t\t\t\t<div class=\"elementor-widget-container\">\n\t\t\t\t\t\t\t<h3><span style=\"color: #009888;\">L&#8217;int\u00e9r\u00eat de la r\u00e9\u00e9ducation fonctionnelle par le virtuel :<\/span><\/h3>\n<p><span style=\"color: #000000;\">Tir \u00e0 l&#8217;arc au Moyen \u00c2ge, piloter des avions, <\/span><br \/><span style=\"color: #000000;\">nager dans l oc\u00e9an Pacifique ou jouer au foot&#8230; <\/span><br \/><span style=\"color: #000000;\">sans quitter le cabinet du kin\u00e9\u00a0!<\/span><\/p>\n<p><span style=\"color: #000000;\">Gr\u00e2ce a la r\u00e9alit\u00e9 virtuelle, d\u00e9couvrez une nouvelle mani\u00e8re de vous r\u00e9\u00e9duquer en compl\u00e9ment de vos s\u00e9ances habituelles .<\/span><br \/><span style=\"color: #000000;\">Plus amusant, plus motivant et moins de douloureux<\/span><\/p>\n<h5 style=\"text-align: center;\"><span style=\"color: #143c6d;\">DEMANDEZ KINE QUANTUM \u00c2 VOTRE KINE !<\/span><\/h5>\t\t\t\t\t\t<\/div>\n\t\t\t\t<\/div>\n\t\t\t\t\t<\/div>\n\t\t\t\t<\/div>\n\t\t<div class=\"elementor-element elementor-element-e5b4d60 e-grid e-con-boxed e-con e-parent\" data-id=\"e5b4d60\" data-element_type=\"container\">\n\t\t\t\t\t<div class=\"e-con-inner\">\n\t\t\t\t<div class=\"elementor-element elementor-element-78ec457 elementor-widget elementor-widget-image\" data-id=\"78ec457\" data-element_type=\"widget\" data-widget_type=\"image.default\">\n\t\t\t\t<div class=\"elementor-widget-container\">\n\t\t\t<style>\/*! elementor - v3.21.0 - 26-05-2024 *\/\n.elementor-widget-image{text-align:center}.elementor-widget-image a{display:inline-block}.elementor-widget-image a img[src$=\".svg\"]{width:48px}.elementor-widget-image img{vertical-align:middle;display:inline-block}<\/style>\t\t\t\t\t\t\t\t\t\t<img fetchpriority=\"high\" decoding=\"async\" width=\"1024\" height=\"683\" src=\"https:\/\/www.cpm-les-urchons.be\/wp-content\/uploads\/2024\/10\/kine-quantum-1-1024x683.jpg\" class=\"attachment-large size-large wp-image-7235\" alt=\"\" srcset=\"https:\/\/www.cpm-les-urchons.be\/wp-content\/uploads\/2024\/10\/kine-quantum-1-1024x683.jpg 1024w, https:\/\/www.cpm-les-urchons.be\/wp-content\/uploads\/2024\/10\/kine-quantum-1-scaled-600x400.jpg 600w, https:\/\/www.cpm-les-urchons.be\/wp-content\/uploads\/2024\/10\/kine-quantum-1-300x200.jpg 300w, https:\/\/www.cpm-les-urchons.be\/wp-content\/uploads\/2024\/10\/kine-quantum-1-768x512.jpg 768w, https:\/\/www.cpm-les-urchons.be\/wp-content\/uploads\/2024\/10\/kine-quantum-1-1536x1024.jpg 1536w, https:\/\/www.cpm-les-urchons.be\/wp-content\/uploads\/2024\/10\/kine-quantum-1-2048x1365.jpg 2048w\" sizes=\"(max-width: 1024px) 100vw, 1024px\" \/>\t\t\t\t\t\t\t\t\t\t\t\t\t<\/div>\n\t\t\t\t<\/div>\n\t\t\t\t<div class=\"elementor-element elementor-element-c29ebe8 elementor-widget elementor-widget-image\" data-id=\"c29ebe8\" data-element_type=\"widget\" data-widget_type=\"image.default\">\n\t\t\t\t<div class=\"elementor-widget-container\">\n\t\t\t\t\t\t\t\t\t\t\t\t\t<img decoding=\"async\" width=\"551\" height=\"310\" src=\"https:\/\/www.cpm-les-urchons.be\/wp-content\/uploads\/2024\/10\/Kine-quantum.jpg\" class=\"attachment-large size-large wp-image-7238\" alt=\"\" srcset=\"https:\/\/www.cpm-les-urchons.be\/wp-content\/uploads\/2024\/10\/Kine-quantum.jpg 551w, https:\/\/www.cpm-les-urchons.be\/wp-content\/uploads\/2024\/10\/Kine-quantum-300x169.jpg 300w\" sizes=\"(max-width: 551px) 100vw, 551px\" \/>\t\t\t\t\t\t\t\t\t\t\t\t\t<\/div>\n\t\t\t\t<\/div>\n\t\t\t\t<div class=\"elementor-element elementor-element-fa3ed0f elementor-widget elementor-widget-image\" data-id=\"fa3ed0f\" data-element_type=\"widget\" data-widget_type=\"image.default\">\n\t\t\t\t<div class=\"elementor-widget-container\">\n\t\t\t\t\t\t\t\t\t\t\t\t\t<img decoding=\"async\" width=\"848\" height=\"501\" src=\"https:\/\/www.cpm-les-urchons.be\/wp-content\/uploads\/2024\/10\/Kine-quantum-5.jpg\" class=\"attachment-large size-large wp-image-7237\" alt=\"\" srcset=\"https:\/\/www.cpm-les-urchons.be\/wp-content\/uploads\/2024\/10\/Kine-quantum-5.jpg 848w, https:\/\/www.cpm-les-urchons.be\/wp-content\/uploads\/2024\/10\/Kine-quantum-5-600x354.jpg 600w, https:\/\/www.cpm-les-urchons.be\/wp-content\/uploads\/2024\/10\/Kine-quantum-5-300x177.jpg 300w, https:\/\/www.cpm-les-urchons.be\/wp-content\/uploads\/2024\/10\/Kine-quantum-5-768x454.jpg 768w\" sizes=\"(max-width: 848px) 100vw, 848px\" \/>\t\t\t\t\t\t\t\t\t\t\t\t\t<\/div>\n\t\t\t\t<\/div>\n\t\t\t\t<div class=\"elementor-element elementor-element-fb0f8c8 elementor-widget elementor-widget-image\" data-id=\"fb0f8c8\" data-element_type=\"widget\" data-widget_type=\"image.default\">\n\t\t\t\t<div class=\"elementor-widget-container\">\n\t\t\t\t\t\t\t\t\t\t\t\t\t<img loading=\"lazy\" decoding=\"async\" width=\"1024\" height=\"683\" src=\"https:\/\/www.cpm-les-urchons.be\/wp-content\/uploads\/2024\/10\/kine-quantum-3-1024x683.jpg\" class=\"attachment-large size-large wp-image-7236\" alt=\"\" srcset=\"https:\/\/www.cpm-les-urchons.be\/wp-content\/uploads\/2024\/10\/kine-quantum-3-1024x683.jpg 1024w, https:\/\/www.cpm-les-urchons.be\/wp-content\/uploads\/2024\/10\/kine-quantum-3-600x400.jpg 600w, https:\/\/www.cpm-les-urchons.be\/wp-content\/uploads\/2024\/10\/kine-quantum-3-300x200.jpg 300w, https:\/\/www.cpm-les-urchons.be\/wp-content\/uploads\/2024\/10\/kine-quantum-3-768x512.jpg 768w, https:\/\/www.cpm-les-urchons.be\/wp-content\/uploads\/2024\/10\/kine-quantum-3-1536x1024.jpg 1536w, https:\/\/www.cpm-les-urchons.be\/wp-content\/uploads\/2024\/10\/kine-quantum-3.jpg 1920w\" sizes=\"(max-width: 1024px) 100vw, 1024px\" \/>\t\t\t\t\t\t\t\t\t\t\t\t\t<\/div>\n\t\t\t\t<\/div>\n\t\t\t\t\t<\/div>\n\t\t\t\t<\/div>\n\t\t<div class=\"elementor-element elementor-element-8f2f454 e-flex e-con-boxed e-con e-parent\" data-id=\"8f2f454\" data-element_type=\"container\">\n\t\t\t\t\t<div class=\"e-con-inner\">\n\t\t\t\t<div class=\"elementor-element elementor-element-71ad9d5 elementor-widget elementor-widget-video\" data-id=\"71ad9d5\" data-element_type=\"widget\" data-settings=\"{&quot;youtube_url&quot;:&quot;https:\\\/\\\/youtu.be\\\/3DNkzCnxPf4?si=xRenRIpkTDlPIytF&quot;,&quot;video_type&quot;:&quot;youtube&quot;,&quot;controls&quot;:&quot;yes&quot;}\" data-widget_type=\"video.default\">\n\t\t\t\t<div class=\"elementor-widget-container\">\n\t\t\t<style>\/*! elementor - v3.21.0 - 26-05-2024 *\/\n.elementor-widget-video .elementor-widget-container{overflow:hidden;transform:translateZ(0)}.elementor-widget-video .elementor-wrapper{aspect-ratio:var(--video-aspect-ratio)}.elementor-widget-video .elementor-wrapper iframe,.elementor-widget-video .elementor-wrapper video{height:100%;width:100%;display:flex;border:none;background-color:#000}@supports not (aspect-ratio:1\/1){.elementor-widget-video .elementor-wrapper{position:relative;overflow:hidden;height:0;padding-bottom:calc(100% \/ var(--video-aspect-ratio))}.elementor-widget-video .elementor-wrapper iframe,.elementor-widget-video .elementor-wrapper video{position:absolute;top:0;right:0;bottom:0;left:0}}.elementor-widget-video .elementor-open-inline .elementor-custom-embed-image-overlay{position:absolute;top:0;right:0;bottom:0;left:0;background-size:cover;background-position:50%}.elementor-widget-video .elementor-custom-embed-image-overlay{cursor:pointer;text-align:center}.elementor-widget-video .elementor-custom-embed-image-overlay:hover .elementor-custom-embed-play i{opacity:1}.elementor-widget-video .elementor-custom-embed-image-overlay img{display:block;width:100%;aspect-ratio:var(--video-aspect-ratio);-o-object-fit:cover;object-fit:cover;-o-object-position:center center;object-position:center center}@supports not (aspect-ratio:1\/1){.elementor-widget-video .elementor-custom-embed-image-overlay{position:relative;overflow:hidden;height:0;padding-bottom:calc(100% \/ var(--video-aspect-ratio))}.elementor-widget-video .elementor-custom-embed-image-overlay img{position:absolute;top:0;right:0;bottom:0;left:0}}.elementor-widget-video .e-hosted-video .elementor-video{-o-object-fit:cover;object-fit:cover}.e-con-inner>.elementor-widget-video,.e-con>.elementor-widget-video{width:var(--container-widget-width);--flex-grow:var(--container-widget-flex-grow)}<\/style>\t\t<div class=\"elementor-wrapper elementor-open-inline\">\n\t\t\t<div class=\"elementor-video\"><\/div>\t\t<\/div>\n\t\t\t\t<\/div>\n\t\t\t\t<\/div>\n\t\t\t\t\t<\/div>\n\t\t\t\t<\/div>\n\t\t\t\t<\/div>\n\t\t","protected":false},"excerpt":{"rendered":"<p>L&#8217;int\u00e9r\u00eat de la r\u00e9\u00e9ducation fonctionnelle par le virtuel : Tir \u00e0 l&#8217;arc au Moyen \u00c2ge, piloter des avions, nager dans l oc\u00e9an Pacifique ou jouer au foot&#8230; sans quitter le cabinet du kin\u00e9\u00a0! Gr\u00e2ce a la r\u00e9alit\u00e9 virtuelle, d\u00e9couvrez une nouvelle mani\u00e8re de vous r\u00e9\u00e9duquer en compl\u00e9ment de vos s\u00e9ances habituelles .Plus amusant, plus motivant<\/p>\n","protected":false},"author":1,"featured_media":0,"parent":0,"menu_order":0,"comment_status":"closed","ping_status":"closed","template":"","meta":{"_monsterinsights_skip_tracking":false,"_monsterinsights_sitenote_active":false,"_monsterinsights_sitenote_note":"","_monsterinsights_sitenote_category":0,"footnotes":""},"class_list":["post-7173","page","type-page","status-publish","hentry"],"aioseo_notices":[],"_links":{"self":[{"href":"https:\/\/www.cpm-les-urchons.be\/index.php\/wp-json\/wp\/v2\/pages\/7173","targetHints":{"allow":["GET"]}}],"collection":[{"href":"https:\/\/www.cpm-les-urchons.be\/index.php\/wp-json\/wp\/v2\/pages"}],"about":[{"href":"https:\/\/www.cpm-les-urchons.be\/index.php\/wp-json\/wp\/v2\/types\/page"}],"author":[{"embeddable":true,"href":"https:\/\/www.cpm-les-urchons.be\/index.php\/wp-json\/wp\/v2\/users\/1"}],"replies":[{"embeddable":true,"href":"https:\/\/www.cpm-les-urchons.be\/index.php\/wp-json\/wp\/v2\/comments?post=7173"}],"version-history":[{"count":19,"href":"https:\/\/www.cpm-les-urchons.be\/index.php\/wp-json\/wp\/v2\/pages\/7173\/revisions"}],"predecessor-version":[{"id":7493,"href":"https:\/\/www.cpm-les-urchons.be\/index.php\/wp-json\/wp\/v2\/pages\/7173\/revisions\/7493"}],"wp:attachment":[{"href":"https:\/\/www.cpm-les-urchons.be\/index.php\/wp-json\/wp\/v2\/media?parent=7173"}],"curies":[{"name":"wp","href":"https:\/\/api.w.org\/{rel}","templated":true}]}}