{"id":7159,"date":"2024-06-30T20:19:34","date_gmt":"2024-06-30T18:19:34","guid":{"rendered":"https:\/\/www.lesurchons.be\/?page_id=7159"},"modified":"2024-10-14T14:18:07","modified_gmt":"2024-10-14T12:18:07","slug":"rejoindre-lequipe","status":"publish","type":"page","link":"https:\/\/www.cpm-les-urchons.be\/index.php\/rejoindre-lequipe\/","title":{"rendered":"Rejoindre l&#8217;\u00e9quipe"},"content":{"rendered":"\n<h3 class=\"wp-block-heading\">Rejoignez notre \u00c9quipe en tant que Sp\u00e9cialiste !<\/h3>\n\n\n\n<p>Vous d\u00e9sirez rejoindre une \u00c9quipe dynamique et enthousiaste en tant que Sp\u00e9cialiste !<\/p>\n\n\n\n<p>Notre centre param\u00e9dical est en pleine expansion et nous sommes \u00e0 la recherche de nouveaux sp\u00e9cialistes passionn\u00e9s et d\u00e9vou\u00e9s pour rejoindre notre \u00e9quipe. Si vous \u00eates professionnel de la sant\u00e9 et souhaitez int\u00e9grer un environnement dynamique et collaboratif, nous serions ravis de discuter avec vous.<\/p>\n\n\n\n<p>Nous recherchons des sp\u00e9cialistes dans divers domaines param\u00e9dicaux, notamment :<\/p>\n\n\n\n<p>Kin\u00e9sith\u00e9rapie<\/p>\n\n\n\n<p>Orthophonie<\/p>\n\n\n\n<p>Podologie<\/p>\n\n\n\n<p>Ergoth\u00e9rapie<\/p>\n\n\n\n<p>Nutrition<\/p>\n\n\n\n<p>Psychologie<\/p>\n\n\n\n<p>Ost\u00e9opathie<\/p>\n\n\n\n<p>Toute autre sp\u00e9cialit\u00e9 param\u00e9dicale<\/p>\n\n\n\n<p>En rejoignant notre centre, vous aurez l\u2019opportunit\u00e9 de travailler avec une \u00e9quipe pluridisciplinaire d\u00e9di\u00e9e au bien-\u00eatre et \u00e0 la sant\u00e9 de nos patients. Nous offrons un cadre de travail moderne et convivial, propice \u00e0 l\u2019\u00e9panouissement professionnel.<\/p>\n\n\n\n<p>Pour exprimer votre int\u00e9r\u00eat et en savoir plus sur les opportunit\u00e9s disponibles, veuillez nous contacter par e-mail : info@cpm-les-urchons.be ou au  068\/28.50.74. Merci de joindre votre CV ainsi qu\u2019une lettre de motivation en pr\u00e9cisant votre sp\u00e9cialit\u00e9 et vos attentes.<\/p>\n\n\n\n<p>Nous avons h\u00e2te de collaborer avec vous et d\u2019enrichir notre \u00e9quipe avec votre expertise !<\/p>\n\n\n\n<p><\/p>\n\n\n\n<p><\/p>\n","protected":false},"excerpt":{"rendered":"<p>Rejoignez notre \u00c9quipe en tant que Sp\u00e9cialiste ! Vous d\u00e9sirez rejoindre une \u00c9quipe dynamique et enthousiaste en tant que Sp\u00e9cialiste ! Notre centre param\u00e9dical est en pleine expansion et nous sommes \u00e0 la recherche de nouveaux sp\u00e9cialistes passionn\u00e9s et d\u00e9vou\u00e9s pour rejoindre notre \u00e9quipe. Si vous \u00eates professionnel de la sant\u00e9 et souhaitez int\u00e9grer un<\/p>\n","protected":false},"author":1,"featured_media":0,"parent":0,"menu_order":0,"comment_status":"closed","ping_status":"closed","template":"","meta":{"_monsterinsights_skip_tracking":false,"_monsterinsights_sitenote_active":false,"_monsterinsights_sitenote_note":"","_monsterinsights_sitenote_category":0,"footnotes":""},"class_list":["post-7159","page","type-page","status-publish","hentry"],"aioseo_notices":[],"_links":{"self":[{"href":"https:\/\/www.cpm-les-urchons.be\/index.php\/wp-json\/wp\/v2\/pages\/7159","targetHints":{"allow":["GET"]}}],"collection":[{"href":"https:\/\/www.cpm-les-urchons.be\/index.php\/wp-json\/wp\/v2\/pages"}],"about":[{"href":"https:\/\/www.cpm-les-urchons.be\/index.php\/wp-json\/wp\/v2\/types\/page"}],"author":[{"embeddable":true,"href":"https:\/\/www.cpm-les-urchons.be\/index.php\/wp-json\/wp\/v2\/users\/1"}],"replies":[{"embeddable":true,"href":"https:\/\/www.cpm-les-urchons.be\/index.php\/wp-json\/wp\/v2\/comments?post=7159"}],"version-history":[{"count":3,"href":"https:\/\/www.cpm-les-urchons.be\/index.php\/wp-json\/wp\/v2\/pages\/7159\/revisions"}],"predecessor-version":[{"id":7245,"href":"https:\/\/www.cpm-les-urchons.be\/index.php\/wp-json\/wp\/v2\/pages\/7159\/revisions\/7245"}],"wp:attachment":[{"href":"https:\/\/www.cpm-les-urchons.be\/index.php\/wp-json\/wp\/v2\/media?parent=7159"}],"curies":[{"name":"wp","href":"https:\/\/api.w.org\/{rel}","templated":true}]}}