{"id":7150,"date":"2024-06-30T20:12:16","date_gmt":"2024-06-30T18:12:16","guid":{"rendered":"https:\/\/www.lesurchons.be\/?page_id=7150"},"modified":"2024-12-11T11:02:24","modified_gmt":"2024-12-11T10:02:24","slug":"stage","status":"publish","type":"page","link":"https:\/\/www.cpm-les-urchons.be\/index.php\/stage\/","title":{"rendered":"Demande de stage"},"content":{"rendered":"\t\t<div data-elementor-type=\"wp-page\" data-elementor-id=\"7150\" class=\"elementor elementor-7150\">\n\t\t\t\t<div class=\"elementor-element elementor-element-c127fc9 e-flex e-con-boxed e-con e-parent\" data-id=\"c127fc9\" data-element_type=\"container\">\n\t\t\t\t\t<div class=\"e-con-inner\">\n\t\t\t\t<div class=\"elementor-element elementor-element-1825b209 elementor-widget elementor-widget-text-editor\" data-id=\"1825b209\" data-element_type=\"widget\" data-widget_type=\"text-editor.default\">\n\t\t\t\t<div class=\"elementor-widget-container\">\n\t\t\t<style>\/*! elementor - v3.21.0 - 26-05-2024 *\/\n.elementor-widget-text-editor.elementor-drop-cap-view-stacked .elementor-drop-cap{background-color:#69727d;color:#fff}.elementor-widget-text-editor.elementor-drop-cap-view-framed .elementor-drop-cap{color:#69727d;border:3px solid;background-color:transparent}.elementor-widget-text-editor:not(.elementor-drop-cap-view-default) .elementor-drop-cap{margin-top:8px}.elementor-widget-text-editor:not(.elementor-drop-cap-view-default) .elementor-drop-cap-letter{width:1em;height:1em}.elementor-widget-text-editor .elementor-drop-cap{float:left;text-align:center;line-height:1;font-size:50px}.elementor-widget-text-editor .elementor-drop-cap-letter{display:inline-block}<\/style>\t\t\t\t<p><span style=\"color: #000000;\"><!-- wp:paragraph --><\/span><\/p>\n<p><\/p>\n<p><span style=\"color: #000000;\"><!-- \/wp:paragraph --><!-- wp:heading {\"level\":3} --><\/span><\/p>\n<h3 class=\"wp-block-heading\"><span style=\"color: #000000;\">Rejoignez notre \u00c9quipe en tant que Stagiaire !<\/span><\/h3>\n<p><span style=\"color: #000000;\"><!-- \/wp:heading --><!-- wp:paragraph --><\/span><\/p>\n<p><span style=\"color: #000000;\">Vous d\u00e9sirez rejoindre une \u00e9quipe dynamique et enthousiaste en tant que stagiaire !<\/span><br><span style=\"color: #000000;\">Vous \u00eates \u00e9tudiant(e) dans le domaine param\u00e9dical et \u00e0 la recherche d\u2019une opportunit\u00e9 de stage enrichissante ? Notre centre param\u00e9dical est toujours \u00e0 la recherche de stagiaires motiv\u00e9s et passionn\u00e9s pour rejoindre notre \u00e9quipe dynamique.<\/span><\/p>\n<p><span style=\"color: #000000;\"><!-- \/wp:paragraph --><!-- wp:paragraph --><\/span><\/p>\n<p><span style=\"color: #000000;\">Nous offrons un environnement d\u2019apprentissage stimulant, o\u00f9 vous pourrez acqu\u00e9rir une exp\u00e9rience pr\u00e9cieuse et d\u00e9velopper vos comp\u00e9tences aux c\u00f4t\u00e9s de professionnels qualifi\u00e9s. Que ce soit en kin\u00e9sith\u00e9rapie, orthophonie, podologie, ou tout autre domaine param\u00e9dical, nous sommes impatients de vous accueillir et de vous accompagner dans votre formation.<\/span><\/p>\n<p><span style=\"color: #000000;\"><!-- \/wp:paragraph --><!-- wp:paragraph --><\/span><\/p>\n<p><span style=\"color: #000000;\">Pour postuler \u00e0 un stage, veuillez nous contacter par e-mail \u00e0 l\u2019adresse suivante : info@cpm-les-urchons.be<\/span><\/p>\n<p><span style=\"color: #000000;\"><!-- \/wp:paragraph --><!-- wp:paragraph --><\/span><\/p>\n<p><span style=\"color: #000000;\">Merci de joindre votre CV ainsi qu\u2019une lettre de motivation en pr\u00e9cisant vos disponibilit\u00e9s et vos objectifs de stage.<\/span><\/p>\n<p><span style=\"color: #000000;\"><!-- \/wp:paragraph --><!-- wp:paragraph --><\/span><\/p>\n<p><span style=\"color: #000000;\">Nous avons h\u00e2te de vous rencontrer et de vous aider \u00e0 progresser dans votre parcours professionnel !<\/span><\/p>\n<p><span style=\"color: #000000;\"><!-- \/wp:paragraph --><!-- wp:paragraph --><\/span><\/p>\n<p><span style=\"color: #000000;\">\u00c0 bient\u00f4t,<\/span><\/p>\n<p><span style=\"color: #000000;\"><!-- \/wp:paragraph --><\/span><\/p>\t\t\t\t\t\t<\/div>\n\t\t\t\t<\/div>\n\t\t\t\t\t<\/div>\n\t\t\t\t<\/div>\n\t\t\t\t<\/div>\n\t\t","protected":false},"excerpt":{"rendered":"<p>Rejoignez notre \u00c9quipe en tant que Stagiaire ! Vous d\u00e9sirez rejoindre une \u00e9quipe dynamique et enthousiaste en tant que stagiaire !Vous \u00eates \u00e9tudiant(e) dans le domaine param\u00e9dical et \u00e0 la recherche d\u2019une opportunit\u00e9 de stage enrichissante ? Notre centre param\u00e9dical est toujours \u00e0 la recherche de stagiaires motiv\u00e9s et passionn\u00e9s pour rejoindre notre \u00e9quipe dynamique.<\/p>\n","protected":false},"author":1,"featured_media":0,"parent":0,"menu_order":0,"comment_status":"closed","ping_status":"closed","template":"","meta":{"_monsterinsights_skip_tracking":false,"_monsterinsights_sitenote_active":false,"_monsterinsights_sitenote_note":"","_monsterinsights_sitenote_category":0,"footnotes":""},"class_list":["post-7150","page","type-page","status-publish","hentry"],"aioseo_notices":[],"_links":{"self":[{"href":"https:\/\/www.cpm-les-urchons.be\/index.php\/wp-json\/wp\/v2\/pages\/7150","targetHints":{"allow":["GET"]}}],"collection":[{"href":"https:\/\/www.cpm-les-urchons.be\/index.php\/wp-json\/wp\/v2\/pages"}],"about":[{"href":"https:\/\/www.cpm-les-urchons.be\/index.php\/wp-json\/wp\/v2\/types\/page"}],"author":[{"embeddable":true,"href":"https:\/\/www.cpm-les-urchons.be\/index.php\/wp-json\/wp\/v2\/users\/1"}],"replies":[{"embeddable":true,"href":"https:\/\/www.cpm-les-urchons.be\/index.php\/wp-json\/wp\/v2\/comments?post=7150"}],"version-history":[{"count":6,"href":"https:\/\/www.cpm-les-urchons.be\/index.php\/wp-json\/wp\/v2\/pages\/7150\/revisions"}],"predecessor-version":[{"id":7486,"href":"https:\/\/www.cpm-les-urchons.be\/index.php\/wp-json\/wp\/v2\/pages\/7150\/revisions\/7486"}],"wp:attachment":[{"href":"https:\/\/www.cpm-les-urchons.be\/index.php\/wp-json\/wp\/v2\/media?parent=7150"}],"curies":[{"name":"wp","href":"https:\/\/api.w.org\/{rel}","templated":true}]}}